{"id":48,"date":"2019-11-02T15:35:23","date_gmt":"2019-11-02T15:35:23","guid":{"rendered":"https:\/\/orchesterverein-freckenhorst.de\/cms\/?page_id=48"},"modified":"2026-03-20T07:13:55","modified_gmt":"2026-03-20T07:13:55","slug":"datenschutz","status":"publish","type":"page","link":"https:\/\/orchesterverein-freckenhorst.de\/cms\/datenschutz\/","title":{"rendered":"Datenschutz"},"content":{"rendered":"<h2>I. Allgemeine Informationen<\/h2>\n<p>Kontaktdaten der Verantwortlichen<\/p>\n<p>1. Vorsitzende Theresa Br\u00f6kelmann<br \/>\nPeter-Stoffels-Stra\u00dfe 45<br \/>\n48231 Freckenhorst<br \/>\nE-Mail: vorsitz (at) orchesterverein-freckenhorst.de<\/p>\n<h2>II. Konkrete Informationen zur Erhebung von personenbezogenen Daten<\/h2>\n<h3>1. Besuch der Webseite<\/h3>\n<h4>a) Zweck der der Datenerhebung und -verarbeitung<\/h4>\n<p>Bei jedem Zugriff eines Nutzers auf eine Seite unseres Angebots und bei jedem Aufruf einer auf der Internetpr\u00e4senz hinterlegten Datei werden Zugriffsdaten \u00fcber diesen Vorgang in einer Protokolldatei gespeichert. Jeder Datensatz besteht aus:<\/p>\n<ol>\n<li>der Seite, von der aus die Datei angefordert wurde,<\/li>\n<li>dem Namen der Datei,<\/li>\n<li>dem Datum und Uhrzeit der Anforderung,<\/li>\n<li>der \u00fcbertragenen Datenmenge,<\/li>\n<li>dem Zugriffsstatus (Datei \u00fcbertragen, Datei nicht gefunden etc.),<\/li>\n<li>einer Beschreibung des Typs des verwendeten Betriebssystems und Webbrowsers,<\/li>\n<li>der Client IP-Adresse.<\/li>\n<\/ol>\n<p>Die Client-IP-Adresse wird zum Zweck der \u00dcbermittlung der angeforderten Daten verwendet; sie wird nach Wegfall des technischen Erfordernisses durch L\u00f6schung des letzten Ziffernblocks (Ipv4) oder des letzten Oktets (Ipv6) anonymisiert.<\/p>\n<h4>b) Dauer der Speicherung<\/h4>\n<p>Die Daten werden bei jedem Zugriff eines Nutzers auf eine Seite unseres Angebots und bei jedem Aufruf unserer Internetpr\u00e4senz gespeichert und werden gel\u00f6scht, sobald sie f\u00fcr den Zweck der Erhebung nicht mehr erforderlich sind, was der Fall ist, wenn der Besucher unsere Webseite verl\u00e4sst.<\/p>\n<h4>c) Rechtsgrundlage<\/h4>\n<p>Die vor\u00fcbergehende Speicherung der vorgenannten Daten erfolgt auf der Rechtsgrundlage des Art. 6 Abs. 1 lit. f EU-Datenschutzgrundverordnung (im Folgenden \u201eDSGVO\u201c). Das berechtigte Interesse liegt in der Zurverf\u00fcgungstellung unserer Webseite.<\/p>\n<h4>d) Widerspruchs- und Beseitigungsm\u00f6glichkeit<\/h4>\n<p>Der Betroffene kann der Verarbeitung widersprechen.<\/p>\n<h3>2. Vertragsdurchf\u00fchrung<\/h3>\n<h4>a) Zweck der Datenerhebung und -verarbeitung<\/h4>\n<p>Name, Anschrift(en), Bankverbindung, E-Mail-Adresse, Telefon- oder Telefaxnummer, Client-IPAdresse im Zeitpunkt der Abgabe einer Vertragserkl\u00e4rung werden allein zum Zweck der Vertragsbegr\u00fcndung oder -durchf\u00fchrung erhoben, gespeichert und verarbeitet, was insbesondere die Abrechnung und die Abwicklung des Vertrags umfasst. Die personenbezogenen Daten werden an Dritte nur weitergegeben, wenn dies zum Zweck der Vertragsdurchf\u00fchrung erforderlich ist, etwa bei der Beauftragung eines Versandunternehmens oder der Inanspruchnahme eines Zahlungsdienstleistungsunternehmens.<\/p>\n<h4>b) Dauer der Speicherung<\/h4>\n<p>Die L\u00f6schung der Daten erfolgt, sobald diese f\u00fcr die Zwecke, f\u00fcr die sie erhoben oder in sonstiger Weise verarbeitet wurden, nicht mehr erforderlich sind. Diese Frist betr\u00e4gt f\u00fcnf Jahre f\u00fcr personenbezogene Daten die \u00a7 147 AO unterfallen und zehn Jahre f\u00fcr personenbezogene Daten, die \u00a7 257 HGB unterfallen. Die Fristen beginnen mit Ablauf des Kalenderjahres, in dem die Daten erhoben wurden.<\/p>\n<h4>c) Rechtsgrundlage<\/h4>\n<p>Die Speicherung der vorgenannten Daten erfolgt auf der Rechtsgrundlage Art. 6 Abs. 1 lit. b sowie lit. c DSGVO.<\/p>\n<h4>d) Widerspruchs- und Beseitigungsm\u00f6glichkeit<\/h4>\n<p>Da es hier gesetzlich normierte Aufbewahrungsfristen gibt und die Daten zur Vertragsdurchf\u00fchrung gespeichert und verarbeitet bleiben m\u00fcssen, ist ein Widerspruch oder eine L\u00f6schung nicht m\u00f6glich.<\/p>\n<h3>3. E-Mail- oder Telefon-Kontakt<\/h3>\n<h4>a) Zweck der Datenerhebung und -verwendung<\/h4>\n<p>Ein Nutzer kann per E-Mail (auch per Kontaktformular), Telefax oder Telefon mit uns Kontakt aufnehmen. Wir speichern die uns damit \u00fcbermittelten und vom Betroffenen angegebenen Daten zur Bearbeitung der Anfrage. Diese Daten sind Namen, Anschrift, E-Mail-Adresse, Telefonnummer, Datum und Uhrzeit der Anfrage und die Beschreibung des Anliegens, gegebenenfalls Vertragsdaten, wenn die Anfrage um Rahmen einer Vertragsaufnahme oder -abwicklung erfolgt. Die Daten werden nicht an Dritte weitergeben. Sie dienen der Bearbeitung der Kontaktanfrage des Betroffenen.<\/p>\n<h4>b) Dauer der Speicherung<\/h4>\n<p>Sobald die Daten zur Erreichung des Zwecks nicht mehr notwendig sind, werden sie gel\u00f6scht, was der Fall ist, wenn sich die Konversation abschlie\u00dfend erledigt hat und der Sachverhalt gekl\u00e4rt ist und keine vertraglichen oder steuerrechtlichen Aufbewahrungsfristen entgegenstehen. Diese Frist betr\u00e4gt f\u00fcnf Jahre f\u00fcr personenbezogene Daten die \u00a7 147 AO unterfallen und zehn Jahre f\u00fcr personenbezogene Daten, die \u00a7 257 HGB unterfallen. Die Fristen beginnen mit Ablauf des Kalenderjahres, in dem die Daten erhoben wurden.<\/p>\n<h4>c) Rechtsgrundlage<\/h4>\n<p>Die Speicherung der vorgenannten Daten erfolgt auf der Rechtsgrundlage Art. 6 Abs. 1 lit. a DSGVO nur nach vorheriger Einwilligung im Rahmen der Anfrage, nach Art. 6 Abs. 1 lit. b DSGVO im Rahmen einer Vertragsanbahnung oder -erf\u00fcllung oder nach Art. 6 Abs. 1 lit. f DSGVO. Das berechtigte Interesse des Verantwortlichen besteht darin, die Kontaktanfrage bearbeiten zu k\u00f6nnen und Missbrauch der Kontaktanfrage verhindern zu k\u00f6nnen. Durch einen jederzeit m\u00f6glichen Widerruf der Einwilligung wird nicht die Rechtm\u00e4\u00dfigkeit der aufgrund der Einwilligung bis bis zum Widerruf erfolgten Verarbeitung der personenbezogenen Daten ber\u00fchrt.<\/p>\n<h4>d) Widerspruchs- und Beseitigungsm\u00f6glichkeit<\/h4>\n<p>Der Betroffene hat jederzeit die M\u00f6glichkeit, die von ihm gegebene Einwilligung zur Datenverarbeitung zu widerrufen und der Speicherung zu widersprechen. Dann werden die zu dem Vorgang gespeicherten Daten gel\u00f6scht. Sollte ein Vertrag geschlossen worden sein, gilt oben unter Ziffer II.2.Gesagtes.<\/p>\n<h3><\/h3>\n<h2>III. Rechte des Betroffenen<\/h2>\n<p>Sofern \u201epersonenbezogene Daten\u201c vom Nutzer auf unserer Webseite verarbeitet werden, so hat die betroffene Person (Betroffener) folgende Rechte gegen\u00fcber dem Verantwortlichen gem\u00e4\u00df DSGVO.<\/p>\n<h3>1. Recht auf Auskunft nach Art. 15 DSGVO<\/h3>\n<p>Der Betroffene hat das Recht auf folgende Informationen:<\/p>\n<ol style=\"list-style-type: lower-alpha;\">\n<li>die Verarbeitungszwecke;<\/li>\n<li>die Kategorien personenbezogener Daten, die verarbeitet werden;<\/li>\n<li>die Empf\u00e4nger oder Kategorien von Empf\u00e4ngern, gegen\u00fcber denen die personenbezogenen Daten offengelegt worden sind oder noch offengelegt werden, insbesondere bei Empf\u00e4ngern in Drittl\u00e4ndern oder bei internationalen Organisationen;<\/li>\n<li>falls m\u00f6glich die geplante Dauer, f\u00fcr die die personenbezogenen Daten gespeichert werden, oder, falls dies nicht m\u00f6glich ist, die Kriterien f\u00fcr die Festlegung dieser Dauer;<\/li>\n<li>das Bestehen eines Rechts auf Berichtigung oder L\u00f6schung der sie betreffenden personenbezogenen Daten oder auf Einschr\u00e4nkung der Verarbeitung durch den Verantwortlichen oder eines Widerspruchsrechts gegen diese Verarbeitung;<\/li>\n<li>das Bestehen eines Beschwerderechts bei einer Aufsichtsbeh\u00f6rde;<\/li>\n<li>wenn die personenbezogenen Daten nicht bei der betroffenen Person erhoben werden, alle verf\u00fcgbaren Informationen \u00fcber die Herkunft der Daten;<\/li>\n<li>das Bestehen einer automatisierten Entscheidungsfindung einschlie\u00dflich Profiling gem\u00e4\u00df Art. 22 Abs. 1 und 4 DSGVO und \u2013 zumindest in diesen F\u00e4llen \u2013 aussagekr\u00e4ftige Informationen \u00fcber die involvierte Logik sowie die Tragweite und die angestrebten Auswirkungen einer derartigen Verarbeitung f\u00fcr die betroffene Person.<\/li>\n<li>werden personenbezogene Daten an ein Drittland oder an eine internationale Organisation \u00fcbermittelt, so hat die betroffene Person das Recht, \u00fcber die geeigneten Garantien gem\u00e4\u00df Art. 46 DSGVO im Zusammenhang mit der \u00dcbermittlung unterrichtet zu werden.<\/li>\n<\/ol>\n<p>Wir stellen dem Betroffenen eine Kopie der personenbezogenen Daten, die Gegenstand der Verarbeitung sind, zur Verf\u00fcgung. F\u00fcr alle weiteren Kopien, die die betroffene Person beantragt, kann der Verantwortliche ein angemessenes Entgelt auf der Grundlage der Verwaltungskosten verlangen.<\/p>\n<h3>2. Recht auf Berichtigung nach Art. 16 DSGVO<\/h3>\n<p>Die betroffene Person hat das Recht, von dem Verantwortlichen unverz\u00fcglich die Berichtigung sie betreffender unrichtiger personenbezogener Daten zu verlangen. Unter Ber\u00fccksichtigung der Zwecke der Verarbeitung hat die betroffene Person das Recht, die Vervollst\u00e4ndigung unvollst\u00e4ndiger personenbezogener Daten \u2013 auch mittels einer erg\u00e4nzenden Erkl\u00e4rung \u2013 zu verlangen.<\/p>\n<h3>3. Recht auf L\u00f6schung nach Art.17 DSGVO<\/h3>\n<p>Der Betroffene hat das Recht, von dem Verantwortlichen zu verlangen, dass ihn betreffende personenbezogene Daten unverz\u00fcglich gel\u00f6scht werden, und der Verantwortliche ist verpflichtet, personenbezogene Daten unverz\u00fcglich zu l\u00f6schen, sofern einer der folgenden Gr\u00fcnde zutrifft:<\/p>\n<ol style=\"list-style-type: lower-alpha;\">\n<li>die personenbezogenen Daten sind f\u00fcr die Zwecke, f\u00fcr die sie erhoben oder auf sonstige Weise verarbeitet wurden, nicht mehr notwendig;<\/li>\n<li>die betroffene Person widerruft ihre Einwilligung, auf die sich die Verarbeitung gem\u00e4\u00df Art. 6 Abs. 1 lit. a oder Art. 9 Abs. 2 lit. a DSGVO st\u00fctzte, und es fehlt an einer anderweitigen Rechtsgrundlage f\u00fcr die Verarbeitung;<\/li>\n<li>die betroffene Person legt gem\u00e4\u00df Art. 21 Abs. 1 DSGVO Widerspruch gegen die Verarbeitung ein und es liegen keine vorrangigen berechtigten Gr\u00fcnde f\u00fcr die Verarbeitung vor, oder die betroffene Person legt gem\u00e4\u00df Art. 21 Abs. 2 DSGVO Widerspruch gegen die Verarbeitung ein;<\/li>\n<li>die personenbezogenen Daten wurden unrechtm\u00e4\u00dfig verarbeitet;<\/li>\n<li>die L\u00f6schung der personenbezogenen Daten ist zur Erf\u00fcllung einer rechtlichen Verpflichtung nach dem Unionsrecht oder dem Recht der Mitgliedstaaten erforderlich, dem der Verantwortliche unterliegt;<\/li>\n<li>die personenbezogenen Daten wurden in Bezug auf angebotene Dienste der Informationsgesellschaft gem\u00e4\u00df Art. 8 Abs. 1 DSGVO erhoben.<\/li>\n<\/ol>\n<h3>4. Recht auf Einschr\u00e4nkung der Verarbeitung nach Art. 18 DSGVO<\/h3>\n<p>Die betroffene Person hat das Recht, von dem Verantwortlichen die Einschr\u00e4nkung der Verarbeitung zu verlangen, wenn eine der folgenden Voraussetzungen gegeben ist:<\/p>\n<ol style=\"list-style-type: lower-alpha;\">\n<li>die Richtigkeit der personenbezogenen Daten von der betroffenen Person bestritten wird, und zwar f\u00fcr eine Dauer, die es dem Verantwortlichen erm\u00f6glicht, die Richtigkeit der personenbezogenen Daten zu \u00fcberpr\u00fcfen,<\/li>\n<li>die Verarbeitung unrechtm\u00e4\u00dfig ist und die betroffene Person die L\u00f6schung der personenbezogenen Daten ablehnt und stattdessen die Einschr\u00e4nkung der Nutzung der personenbezogenen Daten verlangt;<\/li>\n<li>der Verantwortliche die personenbezogenen Daten f\u00fcr die Zwecke der Verarbeitung nicht l\u00e4nger ben\u00f6tigt, die betroffene Person sie jedoch zur Geltendmachung, Aus\u00fcbung oder Verteidigung von Rechtsanspr\u00fcchen ben\u00f6tigt, oder<\/li>\n<li>die betroffene Person Widerspruch gegen die Verarbeitung gem\u00e4\u00df Art. 21 Abs. 1 DSGVO eingelegt hat, solange noch nicht feststeht, ob die berechtigten Gr\u00fcnde des Verantwortlichen gegen\u00fcber denen der betroffenen Person \u00fcberwiegen.<\/li>\n<\/ol>\n<h3>5. Recht auf Unterrichtung nach Art. 19 DSGVO<\/h3>\n<p>Hat der Betroffene gegen\u00fcber dem Verantwortlichen hinsichtlich seiner personenbezogenen Daten eine Berichtigung nach Art. 16 DSGVO, eine L\u00f6schung Art. 17 Abs. 1 DSGVO oder eine Einschr\u00e4nkung der Verarbeitung nach Art. 18 DSGVO geltend gemacht, und hat der Verantwortliche alle Empf\u00e4nger, gegen\u00fcber denen die personenbezogenen Daten des Betroffenen offengelegt wurden, \u00fcber das Verlangen des Betroffenen informiert (soweit dies nicht unm\u00f6glich oder mit unverh\u00e4ltnism\u00e4\u00dfigen Aufwand verbunden war), so hat der Betroffene das Recht, vom Verantwortlichen \u00fcber die Empf\u00e4nger informiert zu werden.<\/p>\n<h3>6. Recht auf Daten\u00fcbertragbarkeit Art. 20 DSGVO<\/h3>\n<p>Der Betroffene hat das Recht, die ihn betreffenden personenbezogenen Daten, die er einem Verantwortlichen bereitgestellt hat, in einem strukturierten, g\u00e4ngigen und maschinenlesbaren Format zu erhalten, und er hat das Recht, diese Daten einem anderen Verantwortlichen ohne Behinderung durch uns zu \u00fcbermitteln, sofern<\/p>\n<ol style=\"list-style-type: lower-alpha;\">\n<li>die Verarbeitung auf einer Einwilligung gem\u00e4\u00df Art. 6 Abs. 1 lit. a oder Art. 9 Abs. 2 lit. a oder auf einem Vertrag gem\u00e4\u00df Art. 6 Abs. 1 lit. b DSGVO beruht und<\/li>\n<li>die Verarbeitung mithilfe automatisierter Verfahren erfolgt.<\/li>\n<\/ol>\n<p>Rechte und Freiheiten anderer Personen d\u00fcrfen dadurch nicht beeintr\u00e4chtigen werden.<\/p>\n<p>Bei der Aus\u00fcbung des Rechts auf Daten\u00fcbertragbarkeit gem\u00e4\u00df Absatz 1 hat der Betroffene das Recht, zu erwirken, dass die personenbezogenen Daten direkt von uns einem anderen Verantwortlichen \u00fcbermittelt werden, soweit dies technisch machbar ist. Die Aus\u00fcbung des Rechts auf Daten\u00fcbertragbarkeit l\u00e4sst das Recht auf L\u00f6schung nach Art. 17 DSGVO unber\u00fchrt. Das Recht auf Daten\u00fcbertragbarkeit gilt nicht f\u00fcr eine Verarbeitung, die f\u00fcr die Wahrnehmung einer Aufgabe erforderlich ist, die im \u00f6ffentlichen Interesse liegt oder in Aus\u00fcbung \u00f6ffentlicher Gewalt erfolgt, die dem Verantwortlichen \u00fcbertragen wurde.<\/p>\n<h3>7. Recht auf Widerspruch nach Art. 21 DSGVO<\/h3>\n<p>Der Betroffene hat das Recht, aus Gr\u00fcnden, die sich aus seiner besonderen Situation ergeben, jederzeit gegen die Verarbeitung ihn betreffender personenbezogener Daten, die aufgrund von Art. 6 Abs. 1 lit. e oder f DSGVO erfolgt, Widerspruch einzulegen; dies gilt auch f\u00fcr ein auf diese Bestimmungen gest\u00fctztes Profiling.<\/p>\n<p>Wir verarbeiten die personenbezogenen Daten nicht mehr, es sei denn, wir k\u00f6nnen zwingende schutzw\u00fcrdige Gr\u00fcnde f\u00fcr die Verarbeitung nachweisen, die die Interessen, Rechte und Freiheiten der betroffenen Person \u00fcberwiegen, oder die Verarbeitung dient der Geltendmachung, Aus\u00fcbung oder Verteidigung von Rechtsanspr\u00fcchen.<\/p>\n<p>Werden personenbezogene Daten verarbeitet, um Direktwerbung zu betreiben, so hat der Betroffene das Recht, jederzeit Widerspruch gegen die Verarbeitung ihn betreffender personenbezogener Daten zum Zwecke derartiger Werbung einzulegen; dies gilt auch f\u00fcr das Profiling, soweit es mit solcher Direktwerbung in Verbindung steht. Widerspricht der Betroffene der Verarbeitung f\u00fcr Zwecke der Direktwerbung, so werden die personenbezogenen Daten nicht mehr f\u00fcr diese Zwecke verarbeitet.<\/p>\n<p>Eine vom Betroffenen erteilte Einwilligung kann dieser jederzeit widerrufen. Die bis zu diesem Zeitpunkt erfolgte Erhebung und Verarbeitung bleibt jedoch dadurch rechtm\u00e4\u00dfig.<\/p>\n<h3>8. Automatisierte Entscheidungen im Einzelfall inkl. Profiling nach Art. 22 DSGVO<\/h3>\n<p>Der Betroffene hat das Recht, nicht einer ausschlie\u00dflich auf einer automatisierten Verarbeitung \u2013 einschlie\u00dflich Profiling \u2013 beruhenden Entscheidung unterworfen zu werden, die ihm gegen\u00fcber rechtliche Wirkung entfaltet oder sie in \u00e4hnlicher Weise erheblich beeintr\u00e4chtigt. Dies gilt nicht, wenn die Entscheidung<\/p>\n<ol style=\"list-style-type: lower-alpha;\">\n<li>f\u00fcr den Abschluss oder die Erf\u00fcllung eines Vertrags zwischen dem Betroffenen und uns erforderlich ist,<\/li>\n<li>aufgrund von Rechtsvorschriften der Union oder der Mitgliedstaaten, denen wir unterliegen, zul\u00e4ssig ist und diese Rechtsvorschriften angemessene Ma\u00dfnahmen zur Wahrung der Rechte und Freiheiten sowie der berechtigten Interessen des Betroffenen enthalten oder<\/li>\n<li>mit ausdr\u00fccklicher Einwilligung des Betroffenen erfolgt.<\/li>\n<\/ol>\n<p>Diese Entscheidungen d\u00fcrfen nicht auf besonderen Kategorien personenbezogener Daten nach Art. 9 Abs. 1 DSGVO beruhen, sofern nicht Art. 9 Abs. 2 lit. a oder g DSGVO gilt und angemessene Ma\u00dfnahmen zum Schutz der Rechte und Freiheiten sowie der berechtigten Interessen der betroffenen Person getroffen wurden.<\/p>\n<p>In den unter Ziffern a) und c) genannten F\u00e4llen treffen wir angemessene Ma\u00dfnahmen, um die Rechte und Freiheiten sowie die berechtigten Interessen des Betroffenen zu wahren, wozu mindestens das Recht auf Erwirkung des Eingreifens einer Person auf unserer Seite, auf Darlegung des eigenen Standpunkts und auf Anfechtung der Entscheidung geh\u00f6rt.<\/p>\n<h3>9. Recht auf Beschwerde bei einer Aufsichtsbeh\u00f6rde nach Art. 77 DSGVO<\/h3>\n<p>Jeder Betroffene hat unbeschadet eines anderweitigen verwaltungsrechtlichen oder gerichtlichen Rechtsbehelfs das Recht auf Beschwerde bei einer Aufsichtsbeh\u00f6rde, insbesondere in dem Mitgliedstaat seines Aufenthaltsorts, seines Arbeitsplatzes oder des Orts des mutma\u00dflichen Versto\u00dfes, wenn der Betroffene der Ansicht ist, dass die Verarbeitung der sie betreffenden personenbezogenen Daten gegen diese Verordnung verst\u00f6\u00dft.<\/p>\n<p>Die Aufsichtsbeh\u00f6rde, bei der die Beschwerde eingereicht wurde, unterrichtet den Beschwerdef\u00fchrer \u00fcber den Stand und die Ergebnisse der Beschwerde einschlie\u00dflich der M\u00f6glichkeit eines gerichtlichen Rechtsbehelfs nach Art. 78 DSGVO.<\/p>\n<h3>10. Recht auf wirksamen gerichtlichen Rechtsbehelf nach Art. 79 DSGVO<\/h3>\n<p>Jeder Betroffene hat unbeschadet eines verf\u00fcgbaren verwaltungsrechtlichen oder au\u00dfergerichtlichen Rechtsbehelfs einschlie\u00dflich des Rechts auf Beschwerde bei einer Aufsichtsbeh\u00f6rde gem\u00e4\u00df Art. 77 DSGVO das Recht auf einen wirksamen gerichtlichen Rechtsbehelf, wenn er der Ansicht ist, dass die ihm aufgrund dieser Verordnung zustehenden Rechte infolge einer nicht im Einklang mit dieser Verordnung stehenden Verarbeitung seiner personenbezogenen Daten verletzt wurden.<\/p>\n<p>F\u00fcr Klagen gegen uns oder gegen einen Auftragsverarbeiter sind die Gerichte des Mitgliedstaats zust\u00e4ndig, in dem wir oder der Auftragsverarbeiter eine Niederlassung haben. Wahlweise k\u00f6nnen solche Klagen auch bei den Gerichten des Mitgliedstaats erhoben werden, in dem der Betroffene seinen Aufenthaltsort hat, es sei denn, es handelt sich bei uns oder dem Auftragsverarbeiter um eine Beh\u00f6rde eines Mitgliedstaats, die in Aus\u00fcbung ihrer hoheitlichen Befugnisse t\u00e4tig geworden ist.<\/p>\n","protected":false},"excerpt":{"rendered":"<p>I. Allgemeine Informationen Kontaktdaten der Verantwortlichen 1. Vorsitzende Theresa Br\u00f6kelmann Peter-Stoffels-Stra\u00dfe 45 48231 Freckenhorst E-Mail: vorsitz (at) orchesterverein-freckenhorst.de II. Konkrete Informationen zur Erhebung von personenbezogenen Daten 1. Besuch der Webseite &#8230;<\/p>\n","protected":false},"author":1,"featured_media":0,"parent":0,"menu_order":0,"comment_status":"closed","ping_status":"closed","template":"template-fullwidth.php","meta":{"footnotes":""},"class_list":["post-48","page","type-page","status-publish","hentry"],"_links":{"self":[{"href":"https:\/\/orchesterverein-freckenhorst.de\/cms\/wp-json\/wp\/v2\/pages\/48","targetHints":{"allow":["GET"]}}],"collection":[{"href":"https:\/\/orchesterverein-freckenhorst.de\/cms\/wp-json\/wp\/v2\/pages"}],"about":[{"href":"https:\/\/orchesterverein-freckenhorst.de\/cms\/wp-json\/wp\/v2\/types\/page"}],"author":[{"embeddable":true,"href":"https:\/\/orchesterverein-freckenhorst.de\/cms\/wp-json\/wp\/v2\/users\/1"}],"replies":[{"embeddable":true,"href":"https:\/\/orchesterverein-freckenhorst.de\/cms\/wp-json\/wp\/v2\/comments?post=48"}],"version-history":[{"count":3,"href":"https:\/\/orchesterverein-freckenhorst.de\/cms\/wp-json\/wp\/v2\/pages\/48\/revisions"}],"predecessor-version":[{"id":576,"href":"https:\/\/orchesterverein-freckenhorst.de\/cms\/wp-json\/wp\/v2\/pages\/48\/revisions\/576"}],"wp:attachment":[{"href":"https:\/\/orchesterverein-freckenhorst.de\/cms\/wp-json\/wp\/v2\/media?parent=48"}],"curies":[{"name":"wp","href":"https:\/\/api.w.org\/{rel}","templated":true}]}}