{"id":14,"date":"2019-11-02T14:56:27","date_gmt":"2019-11-02T14:56:27","guid":{"rendered":"https:\/\/orchesterverein-freckenhorst.de\/cms\/?page_id=14"},"modified":"2026-03-24T09:57:02","modified_gmt":"2026-03-24T09:57:02","slug":"termine","status":"publish","type":"page","link":"https:\/\/orchesterverein-freckenhorst.de\/cms\/termine\/","title":{"rendered":"Termine"},"content":{"rendered":"<h2><span style=\"color: #800000;\"><strong>Unsere n\u00e4chsten Auftritte und Veranstaltungen:<\/strong><\/span><\/h2>\n<h2><strong><span style=\"color: #800000;\">2026<\/span><\/strong><\/h2>\n<h3><strong><span style=\"color: #800000;\">April<\/span><\/strong><\/h3>\n<h4 class=\"s4\"><span class=\"s9\">19.04. Jubil\u00e4umskonzert im Theater am Wall<\/span><\/h4>\n<h4 class=\"s4\"><span class=\"s9\">25.04. K\u00f6nigsball<\/span><\/h4>\n<h3><strong><span style=\"color: #800000;\">Mai<\/span><\/strong><\/h3>\n<h4 class=\"s4\"><span class=\"s9\">01.05. Radstation\u00a0<\/span><\/h4>\n<h4 class=\"s4\"><span class=\"s9\">02.05. Abend der Musik <\/span><\/h4>\n<h4 class=\"s4\"><span class=\"s9\">03.05. <\/span><span class=\"s9\">Kr\u00fc\u00dfing<\/span><span class=\"s9\"> Prozession<\/span><\/h4>\n<h4 class=\"s4\"><span class=\"s9\">17.05. Sch\u00fctzenfest Ostbezirk<\/span><\/h4>\n<h4 class=\"s4\"><span class=\"s9\">25.05. Sch\u00fctzenfest <\/span><span class=\"s9\">Telgte<\/span> <span class=\"s9\">Heidker<\/span><\/h4>\n<h3><strong><span style=\"color: #800000;\">Juni<\/span><\/strong><\/h3>\n<h4>28.06. Sch\u00fctzenfest Neuwarendorf<\/h4>\n<h3><strong><span style=\"color: #800000;\">Juli<\/span><\/strong><\/h3>\n<h4>04.07. Sch\u00fctzenfest Ems Einen<\/h4>\n<h4>05.07. Sch\u00fctzenfest Ems Einen<\/h4>\n<h4>26.07. Sch\u00fctzenfest Freckenhorst<\/h4>\n<h4>27.07. Sch\u00fctzenfest Freckenhorst<\/h4>\n<h3><strong><span style=\"color: #800000;\">August<\/span><\/strong><\/h3>\n<h4><span class=\"s9\">30.08. Kreis <\/span><span class=\"s9\">Ehrengardentreffen<\/span><span class=\"s9\"> in Neuwarendorf<\/span><\/h4>\n<h3><strong><span style=\"color: #800000;\">September<\/span><\/strong><\/h3>\n<h4>19.09. 100 Jahre Orchesterverein-Gro\u00dfe Feier &amp; Marsch<\/h4>\n<h3><strong><span style=\"color: #800000;\">Oktober<\/span><\/strong><\/h3>\n<h4>14.10. Benefizkonzert der Luftwaffe M\u00fcnster (Egerl\u00e4nder) im Theater am Wall<\/h4>\n<h3><strong><span style=\"color: #800000;\">November<\/span><\/strong><\/h3>\n<h4>11.11. St.Martin\u00a0<\/h4>\n<h4>\u00a0<\/h4>\n<hr \/>\n\n\n<p>Sie haben Interesse an einer musikalischen Unterst\u00fctzung?<br><strong>DANN SCHICKEN SIE UNS DOCH GLEICH <a href=\"mailto:vorsitz@orchesterverein-freckenhorst.de\" target=\"_blank\" rel=\"noreferrer noopener\">HIER<\/a> EINE ANFRAGE.<\/strong><\/p>\n\n\n\n<p><br><br><br><br><br><\/p>\n\n\n\n<figure class=\"wp-block-image size-large\"><img loading=\"lazy\" decoding=\"async\" width=\"1024\" height=\"521\" src=\"https:\/\/orchesterverein-freckenhorst.de\/cms\/wp-content\/uploads\/2024\/02\/WhatsApp-Image-2024-02-19-at-20.45.47-1024x521.jpeg\" alt=\"Radstation 1.Mai\" class=\"wp-image-434\" srcset=\"https:\/\/orchesterverein-freckenhorst.de\/cms\/wp-content\/uploads\/2024\/02\/WhatsApp-Image-2024-02-19-at-20.45.47-1024x521.jpeg 1024w, https:\/\/orchesterverein-freckenhorst.de\/cms\/wp-content\/uploads\/2024\/02\/WhatsApp-Image-2024-02-19-at-20.45.47-300x153.jpeg 300w, https:\/\/orchesterverein-freckenhorst.de\/cms\/wp-content\/uploads\/2024\/02\/WhatsApp-Image-2024-02-19-at-20.45.47-768x391.jpeg 768w, https:\/\/orchesterverein-freckenhorst.de\/cms\/wp-content\/uploads\/2024\/02\/WhatsApp-Image-2024-02-19-at-20.45.47-1536x781.jpeg 1536w, https:\/\/orchesterverein-freckenhorst.de\/cms\/wp-content\/uploads\/2024\/02\/WhatsApp-Image-2024-02-19-at-20.45.47.jpeg 1600w\" sizes=\"auto, (max-width: 1024px) 100vw, 1024px\" \/><\/figure>\n\n\n\n<p>Wie in jedem Jahr werden wir auch in diesem Jahr wieder unsere Radstation am 1.Mai auf den Hof Uhk\u00f6tter in Freckenhorst er\u00f6ffnen. Dort erwartet euch Kaffee &amp; Kuchen, ein Imbisswagen, ein Getr\u00e4nkewagen, H\u00fcpfburg, Fu\u00dfballplatz sowie Toiletten.<\/p>\n\n\n\n<p><\/p>\n","protected":false},"excerpt":{"rendered":"<p>26.03.2022<br \/>\nSchnuppertag<\/p>\n","protected":false},"author":1,"featured_media":0,"parent":0,"menu_order":0,"comment_status":"closed","ping_status":"closed","template":"template-fullwidth.php","meta":{"footnotes":""},"class_list":["post-14","page","type-page","status-publish","hentry"],"_links":{"self":[{"href":"https:\/\/orchesterverein-freckenhorst.de\/cms\/wp-json\/wp\/v2\/pages\/14","targetHints":{"allow":["GET"]}}],"collection":[{"href":"https:\/\/orchesterverein-freckenhorst.de\/cms\/wp-json\/wp\/v2\/pages"}],"about":[{"href":"https:\/\/orchesterverein-freckenhorst.de\/cms\/wp-json\/wp\/v2\/types\/page"}],"author":[{"embeddable":true,"href":"https:\/\/orchesterverein-freckenhorst.de\/cms\/wp-json\/wp\/v2\/users\/1"}],"replies":[{"embeddable":true,"href":"https:\/\/orchesterverein-freckenhorst.de\/cms\/wp-json\/wp\/v2\/comments?post=14"}],"version-history":[{"count":26,"href":"https:\/\/orchesterverein-freckenhorst.de\/cms\/wp-json\/wp\/v2\/pages\/14\/revisions"}],"predecessor-version":[{"id":591,"href":"https:\/\/orchesterverein-freckenhorst.de\/cms\/wp-json\/wp\/v2\/pages\/14\/revisions\/591"}],"wp:attachment":[{"href":"https:\/\/orchesterverein-freckenhorst.de\/cms\/wp-json\/wp\/v2\/media?parent=14"}],"curies":[{"name":"wp","href":"https:\/\/api.w.org\/{rel}","templated":true}]}}